{"id":1457,"date":"2021-06-29T12:57:09","date_gmt":"2021-06-29T10:57:09","guid":{"rendered":"https:\/\/vorsorge.bav.digital\/forumarbeitgebervorsorge\/?page_id=1457"},"modified":"2021-10-01T09:17:20","modified_gmt":"2021-10-01T07:17:20","slug":"kontakt","status":"publish","type":"page","link":"https:\/\/vorsorge.bav.digital\/forumarbeitgebervorsorge\/kontakt\/","title":{"rendered":"Kontakt"},"content":{"rendered":"<div id='full_slider_1'  class='avia-fullwidth-slider main_color avia-shadow   avia-builder-el-0  el_before_av_section  avia-builder-el-first   container_wrap sidebar_right'  ><div  class='avia-slideshow av-av_slideshow_full-7af8eeb708987fb6dfffa2b3328e579d avia-slideshow-no scaling av_slideshow_full avia-fade-slider av-slideshow-ui av-control-hidden av-no-slider-navigation av-hide-nav-arrows av-slideshow-manual av-loop-once av-loop-manual-endless av-default-height-applied   avia-slideshow-1' data-slideshow-options=\"{&quot;animation&quot;:&quot;fade&quot;,&quot;autoplay&quot;:false,&quot;loop_autoplay&quot;:&quot;once&quot;,&quot;interval&quot;:100,&quot;loop_manual&quot;:&quot;manual-endless&quot;,&quot;autoplay_stopper&quot;:false,&quot;noNavigation&quot;:true,&quot;bg_slider&quot;:false,&quot;keep_padding&quot;:false,&quot;hoverpause&quot;:false,&quot;show_slide_delay&quot;:0}\"  itemprop=\"image\" itemscope=\"itemscope\" itemtype=\"https:\/\/schema.org\/ImageObject\" ><ul class='avia-slideshow-inner ' style='padding-bottom: 31.5234375%;'><li  class='avia-slideshow-slide av-av_slideshow_full-7af8eeb708987fb6dfffa2b3328e579d__0  av-single-slide slide-1 slide-odd'><div data-rel='slideshow-1' class='avia-slide-wrap '   ><img decoding=\"async\" class=\"wp-image-1380 avia-img-lazy-loading-not-1380\"  src=\"https:\/\/vorsorge.bav.digital\/forumarbeitgebervorsorge\/wp-content\/uploads\/sites\/103\/2021\/06\/header-kontakt-scaled.jpg\" width=\"2560\" height=\"807\" title='Header-Kontakt' alt=''  itemprop=\"thumbnailUrl\" srcset=\"https:\/\/vorsorge.bav.digital\/forumarbeitgebervorsorge\/wp-content\/uploads\/sites\/103\/2021\/06\/header-kontakt-scaled.jpg 2560w, https:\/\/vorsorge.bav.digital\/forumarbeitgebervorsorge\/wp-content\/uploads\/sites\/103\/2021\/06\/header-kontakt-300x95.jpg 300w, https:\/\/vorsorge.bav.digital\/forumarbeitgebervorsorge\/wp-content\/uploads\/sites\/103\/2021\/06\/header-kontakt-1030x325.jpg 1030w, https:\/\/vorsorge.bav.digital\/forumarbeitgebervorsorge\/wp-content\/uploads\/sites\/103\/2021\/06\/header-kontakt-768x242.jpg 768w, https:\/\/vorsorge.bav.digital\/forumarbeitgebervorsorge\/wp-content\/uploads\/sites\/103\/2021\/06\/header-kontakt-1536x484.jpg 1536w, https:\/\/vorsorge.bav.digital\/forumarbeitgebervorsorge\/wp-content\/uploads\/sites\/103\/2021\/06\/header-kontakt-2048x646.jpg 2048w, https:\/\/vorsorge.bav.digital\/forumarbeitgebervorsorge\/wp-content\/uploads\/sites\/103\/2021\/06\/header-kontakt-1500x473.jpg 1500w, https:\/\/vorsorge.bav.digital\/forumarbeitgebervorsorge\/wp-content\/uploads\/sites\/103\/2021\/06\/header-kontakt-705x222.jpg 705w, https:\/\/vorsorge.bav.digital\/forumarbeitgebervorsorge\/wp-content\/uploads\/sites\/103\/2021\/06\/header-kontakt-450x142.jpg 450w\" sizes=\"(max-width: 2560px) 100vw, 2560px\" \/><\/div><\/li><\/ul><\/div><\/div>\n<div id='av_section_1'  class='avia-section av-av_section-d18d8c2c81d10022ebd21ffa95322c35 main_color avia-section-default avia-no-shadow  avia-builder-el-1  el_after_av_slideshow_full  el_before_av_section  avia-bg-style-scroll container_wrap sidebar_right'  ><div class='container av-section-cont-open' ><div class='template-page content  av-content-small alpha units'><div class='post-entry post-entry-type-page post-entry-1457'><div class='entry-content-wrapper clearfix'>\n\n<style type=\"text\/css\" data-created_by=\"avia_inline_auto\" id=\"style-css-av-av_heading-7e491470631522ece37716d3069ef9f7\">\n#top .av-special-heading.av-av_heading-7e491470631522ece37716d3069ef9f7{\npadding-bottom:40px;\n}\nbody .av-special-heading.av-av_heading-7e491470631522ece37716d3069ef9f7 .av-special-heading-tag .heading-char{\nfont-size:25px;\n}\n.av-special-heading.av-av_heading-7e491470631522ece37716d3069ef9f7 .av-subheading{\nfont-size:15px;\n}\n<\/style>\n<div  class='av-special-heading av-av_heading-7e491470631522ece37716d3069ef9f7 av-special-heading-h1 blockquote modern-quote  avia-builder-el-2  el_before_av_textblock  avia-builder-el-first '><h1 class='av-special-heading-tag'  itemprop=\"headline\"  >Kontakt<\/h1><div class=\"special-heading-border\"><div class=\"special-heading-inner-border\"><\/div><\/div><\/div>\n<section  class='av_textblock_section av-av_textblock-2de302bf1aa3cf4c9157dbe6f50ac7eb'  itemscope=\"itemscope\" itemtype=\"https:\/\/schema.org\/CreativeWork\" ><div class='avia_textblock'  itemprop=\"text\" ><p>Gern stehen wir Ihnen f\u00fcr Fragen oder W\u00fcnsche, auch zu bestehenden Vertr\u00e4gen, zur Verf\u00fcgung.<\/p>\n<\/div><\/section>\n\n<style type=\"text\/css\" data-created_by=\"avia_inline_auto\" id=\"style-css-av-av_hr-bbe676ee29fcde2ee286114023beb888\">\n#top .hr.hr-invisible.av-av_hr-bbe676ee29fcde2ee286114023beb888{\nheight:15px;\n}\n<\/style>\n<div  class='hr av-av_hr-bbe676ee29fcde2ee286114023beb888 hr-invisible  avia-builder-el-4  el_after_av_textblock  el_before_av_button '><span class='hr-inner '><span class=\"hr-inner-style\"><\/span><\/span><\/div>\n<div  class='avia-button-wrap av-av_button-69f147fbb5ac67200584b14200da9073-wrap avia-button-left  avia-builder-el-5  el_after_av_hr  avia-builder-el-last '><a href='https:\/\/www.via-vorsorgeportal.de\/portal\/login.jsp?submitted=ja&amp;loginname=stadtn%FCrnberg1&amp;pswd=nMM0cFO' class='avia-button av-av_button-69f147fbb5ac67200584b14200da9073 avia-icon_select-no avia-size-small avia-position-left avia-color-theme-color' target=\"_blank\" rel=\"noopener noreferrer\"><span class='avia_iconbox_title' >Zum Kontaktformular<\/span><\/a><\/div>\n<\/div><\/div><\/div><!-- close content main div --><\/div><\/div><div id='av_section_2'  class='avia-section av-av_section-d18d8c2c81d10022ebd21ffa95322c35 main_color avia-section-default avia-no-shadow  avia-builder-el-6  el_after_av_section  avia-builder-el-last  avia-bg-style-scroll container_wrap sidebar_right'  ><div class='container av-section-cont-open' ><div class='template-page content  av-content-small alpha units'><div class='post-entry post-entry-type-page post-entry-1457'><div class='entry-content-wrapper clearfix'>\n\n<style type=\"text\/css\" data-created_by=\"avia_inline_auto\" id=\"style-css-av-av_one_half-15d750bd1b332b34c6e70b077ebbccdf\">\n.flex_column.av-av_one_half-15d750bd1b332b34c6e70b077ebbccdf{\n-webkit-border-radius:0px 0px 0px 0px;\n-moz-border-radius:0px 0px 0px 0px;\nborder-radius:0px 0px 0px 0px;\npadding:0px 0px 0px 0px;\n}\n<\/style>\n<div class='flex_column av-av_one_half-15d750bd1b332b34c6e70b077ebbccdf av_one_half  avia-builder-el-7  el_before_av_one_half  avia-builder-el-first  first flex_column_div av-zero-column-padding '     ><style type=\"text\/css\" data-created_by=\"avia_inline_auto\" id=\"style-css-av-av_image-d8dd72cf24d61d80521a1df8e424569d\">\n.avia-image-container.av-av_image-d8dd72cf24d61d80521a1df8e424569d img.avia_image{\nbox-shadow:none;\n}\n.avia-image-container.av-av_image-d8dd72cf24d61d80521a1df8e424569d .av-image-caption-overlay-center{\ncolor:#ffffff;\n}\n<\/style>\n<div  class='avia-image-container av-av_image-d8dd72cf24d61d80521a1df8e424569d av-styling- avia-align-center  avia-builder-el-8  avia-builder-el-no-sibling '   itemprop=\"image\" itemscope=\"itemscope\" itemtype=\"https:\/\/schema.org\/ImageObject\" ><div class=\"avia-image-container-inner\"><div class=\"avia-image-overlay-wrap\"><img decoding=\"async\" class='wp-image-1459 avia-img-lazy-loading-not-1459 avia_image ' src=\"https:\/\/vorsorge.bav.digital\/forumarbeitgebervorsorge\/wp-content\/uploads\/sites\/103\/2021\/06\/ps2021_43_4484_150ppi-1030x687.jpg\" alt='' title='PS2021_43_4484_150ppi'  height=\"687\" width=\"1030\"  itemprop=\"thumbnailUrl\" srcset=\"https:\/\/vorsorge.bav.digital\/forumarbeitgebervorsorge\/wp-content\/uploads\/sites\/103\/2021\/06\/ps2021_43_4484_150ppi-1030x687.jpg 1030w, https:\/\/vorsorge.bav.digital\/forumarbeitgebervorsorge\/wp-content\/uploads\/sites\/103\/2021\/06\/ps2021_43_4484_150ppi-300x200.jpg 300w, https:\/\/vorsorge.bav.digital\/forumarbeitgebervorsorge\/wp-content\/uploads\/sites\/103\/2021\/06\/ps2021_43_4484_150ppi-768x512.jpg 768w, https:\/\/vorsorge.bav.digital\/forumarbeitgebervorsorge\/wp-content\/uploads\/sites\/103\/2021\/06\/ps2021_43_4484_150ppi-1536x1025.jpg 1536w, https:\/\/vorsorge.bav.digital\/forumarbeitgebervorsorge\/wp-content\/uploads\/sites\/103\/2021\/06\/ps2021_43_4484_150ppi-2048x1366.jpg 2048w, https:\/\/vorsorge.bav.digital\/forumarbeitgebervorsorge\/wp-content\/uploads\/sites\/103\/2021\/06\/ps2021_43_4484_150ppi-1500x1000.jpg 1500w, https:\/\/vorsorge.bav.digital\/forumarbeitgebervorsorge\/wp-content\/uploads\/sites\/103\/2021\/06\/ps2021_43_4484_150ppi-705x470.jpg 705w, https:\/\/vorsorge.bav.digital\/forumarbeitgebervorsorge\/wp-content\/uploads\/sites\/103\/2021\/06\/ps2021_43_4484_150ppi-450x300.jpg 450w\" sizes=\"(max-width: 1030px) 100vw, 1030px\" \/><\/div><\/div><\/div><\/div>\n<style type=\"text\/css\" data-created_by=\"avia_inline_auto\" id=\"style-css-av-av_one_half-c8fc129dc35fd1ae2a1e410224d39ea8\">\n.flex_column.av-av_one_half-c8fc129dc35fd1ae2a1e410224d39ea8{\n-webkit-border-radius:0px 0px 0px 0px;\n-moz-border-radius:0px 0px 0px 0px;\nborder-radius:0px 0px 0px 0px;\npadding:0px 0px 0px 0px;\n}\n<\/style>\n<div class='flex_column av-av_one_half-c8fc129dc35fd1ae2a1e410224d39ea8 av_one_half  avia-builder-el-9  el_after_av_one_half  el_before_av_one_full  flex_column_div av-zero-column-padding '     ><section  class='av_textblock_section av-av_textblock-2de302bf1aa3cf4c9157dbe6f50ac7eb'  itemscope=\"itemscope\" itemtype=\"https:\/\/schema.org\/CreativeWork\" ><div class='avia_textblock'  itemprop=\"text\" ><p style=\"text-align: center;\"><strong>Beratungsservice<\/strong><\/p>\n<p style=\"text-align: center;\">Bitte richten Sie Ihren Terminwunsch an<\/p>\n<p style=\"text-align: center;\">Telefon: <a href=\"tel:09131920073750\">+49 (0) 9131 920073-750<\/a><\/p>\n<p class=\"defaultFont\" style=\"text-align: center;\">E-Mail: <a href=\"mailto:beratungswunsch@via-vorsorge.de\">beratungswunsch@via-vorsorge.de<\/a><\/p>\n<\/div><\/section><br \/>\n\n<style type=\"text\/css\" data-created_by=\"avia_inline_auto\" id=\"style-css-av-av_hr-616cd310f4c6bf63bbd1f033802c1165\">\n#top .hr.hr-invisible.av-av_hr-616cd310f4c6bf63bbd1f033802c1165{\nheight:20px;\n}\n<\/style>\n<div  class='hr av-av_hr-616cd310f4c6bf63bbd1f033802c1165 hr-invisible  avia-builder-el-11  el_after_av_textblock  el_before_av_textblock '><span class='hr-inner '><span class=\"hr-inner-style\"><\/span><\/span><\/div><br \/>\n<section  class='av_textblock_section av-av_textblock-2de302bf1aa3cf4c9157dbe6f50ac7eb'  itemscope=\"itemscope\" itemtype=\"https:\/\/schema.org\/CreativeWork\" ><div class='avia_textblock'  itemprop=\"text\" ><p style=\"text-align: center;\"><strong>Vertragsservice<\/strong><\/p>\n<p style=\"text-align: center;\">Fragen zum Vertrag richten Sie bitte an<\/p>\n<p style=\"text-align: center;\">Telefon: <a href=\"tel:09131920073780\">+49 (0) 9131 920073-780<\/a><\/p>\n<p class=\"defaultFont\" style=\"text-align: center;\">E-Mail: <a href=\"mailto:kundenbetreuung@via-vorsorge.de\">kundenbetreuung@via-vorsorge.de<\/a><\/p>\n<\/div><\/section><\/p><\/div>\n<style type=\"text\/css\" data-created_by=\"avia_inline_auto\" id=\"style-css-av-av_one_full-15d750bd1b332b34c6e70b077ebbccdf\">\n.flex_column.av-av_one_full-15d750bd1b332b34c6e70b077ebbccdf{\n-webkit-border-radius:0px 0px 0px 0px;\n-moz-border-radius:0px 0px 0px 0px;\nborder-radius:0px 0px 0px 0px;\npadding:0px 0px 0px 0px;\n}\n<\/style>\n<div class='flex_column av-av_one_full-15d750bd1b332b34c6e70b077ebbccdf av_one_full  avia-builder-el-13  el_after_av_one_half  avia-builder-el-last  first flex_column_div av-zero-column-padding column-top-margin'     ><section  class='av_textblock_section av-av_textblock-2de302bf1aa3cf4c9157dbe6f50ac7eb'  itemscope=\"itemscope\" itemtype=\"https:\/\/schema.org\/CreativeWork\" ><div class='avia_textblock'  itemprop=\"text\" ><p class=\"defaultFont\" style=\"text-align: center;\">VIA Vorsorge GmbH<\/p>\n<p class=\"defaultFont\" style=\"text-align: center;\">Allee am R\u00f6thelheimpark 11<\/p>\n<p class=\"defaultFont\" style=\"text-align: center;\">91052 Erlangen<\/p>\n<\/div><\/section><\/div>\n<\/div><\/div><\/div><!-- close content main div --><\/div><\/div><div id='after_section_2'  class='main_color av_default_container_wrap container_wrap sidebar_right'  ><div class='container av-section-cont-open' ><div class='template-page content  av-content-small alpha units'><div class='post-entry post-entry-type-page post-entry-1457'><div class='entry-content-wrapper clearfix'><\/p>\n","protected":false},"excerpt":{"rendered":"","protected":false},"author":18,"featured_media":0,"parent":0,"menu_order":10,"comment_status":"closed","ping_status":"closed","template":"","meta":{"footnotes":""},"class_list":["post-1457","page","type-page","status-publish","hentry"],"yoast_head":"<!-- This site is optimized with the Yoast SEO plugin v27.3 - https:\/\/yoast.com\/product\/yoast-seo-wordpress\/ -->\n<title>Kontakt - FORUM Arbeitgebervorsorge<\/title>\n<meta name=\"robots\" content=\"noindex, follow, max-snippet:-1, max-image-preview:large, max-video-preview:-1\" \/>\n<meta property=\"og:locale\" content=\"de_DE\" \/>\n<meta property=\"og:type\" content=\"article\" \/>\n<meta property=\"og:title\" content=\"Kontakt - FORUM Arbeitgebervorsorge\" \/>\n<meta property=\"og:url\" content=\"https:\/\/vorsorge.bav.digital\/forumarbeitgebervorsorge\/kontakt\/\" \/>\n<meta property=\"og:site_name\" content=\"FORUM Arbeitgebervorsorge\" \/>\n<meta property=\"article:modified_time\" content=\"2021-10-01T07:17:20+00:00\" \/>\n<meta name=\"twitter:card\" content=\"summary_large_image\" \/>\n<meta name=\"twitter:label1\" content=\"Gesch\u00e4tzte Lesezeit\" \/>\n\t<meta name=\"twitter:data1\" content=\"4\u00a0Minuten\" \/>\n<script type=\"application\/ld+json\" class=\"yoast-schema-graph\">{\"@context\":\"https:\\\/\\\/schema.org\",\"@graph\":[{\"@type\":\"WebPage\",\"@id\":\"https:\\\/\\\/vorsorge.bav.digital\\\/forumarbeitgebervorsorge\\\/kontakt\\\/\",\"url\":\"https:\\\/\\\/vorsorge.bav.digital\\\/forumarbeitgebervorsorge\\\/kontakt\\\/\",\"name\":\"Kontakt - FORUM Arbeitgebervorsorge\",\"isPartOf\":{\"@id\":\"https:\\\/\\\/vorsorge.bav.digital\\\/forumarbeitgebervorsorge\\\/#website\"},\"datePublished\":\"2021-06-29T10:57:09+00:00\",\"dateModified\":\"2021-10-01T07:17:20+00:00\",\"breadcrumb\":{\"@id\":\"https:\\\/\\\/vorsorge.bav.digital\\\/forumarbeitgebervorsorge\\\/kontakt\\\/#breadcrumb\"},\"inLanguage\":\"de\",\"potentialAction\":[{\"@type\":\"ReadAction\",\"target\":[\"https:\\\/\\\/vorsorge.bav.digital\\\/forumarbeitgebervorsorge\\\/kontakt\\\/\"]}]},{\"@type\":\"BreadcrumbList\",\"@id\":\"https:\\\/\\\/vorsorge.bav.digital\\\/forumarbeitgebervorsorge\\\/kontakt\\\/#breadcrumb\",\"itemListElement\":[{\"@type\":\"ListItem\",\"position\":1,\"name\":\"Startseite\",\"item\":\"https:\\\/\\\/vorsorge.bav.digital\\\/forumarbeitgebervorsorge\\\/\"},{\"@type\":\"ListItem\",\"position\":2,\"name\":\"Kontakt\"}]},{\"@type\":\"WebSite\",\"@id\":\"https:\\\/\\\/vorsorge.bav.digital\\\/forumarbeitgebervorsorge\\\/#website\",\"url\":\"https:\\\/\\\/vorsorge.bav.digital\\\/forumarbeitgebervorsorge\\\/\",\"name\":\"FORUM Arbeitgebervorsorge\",\"description\":\"\",\"potentialAction\":[{\"@type\":\"SearchAction\",\"target\":{\"@type\":\"EntryPoint\",\"urlTemplate\":\"https:\\\/\\\/vorsorge.bav.digital\\\/forumarbeitgebervorsorge\\\/?s={search_term_string}\"},\"query-input\":{\"@type\":\"PropertyValueSpecification\",\"valueRequired\":true,\"valueName\":\"search_term_string\"}}],\"inLanguage\":\"de\"}]}<\/script>\n<!-- \/ Yoast SEO plugin. -->","yoast_head_json":{"title":"Kontakt - FORUM Arbeitgebervorsorge","robots":{"index":"noindex","follow":"follow","max-snippet":"max-snippet:-1","max-image-preview":"max-image-preview:large","max-video-preview":"max-video-preview:-1"},"og_locale":"de_DE","og_type":"article","og_title":"Kontakt - FORUM Arbeitgebervorsorge","og_url":"https:\/\/vorsorge.bav.digital\/forumarbeitgebervorsorge\/kontakt\/","og_site_name":"FORUM Arbeitgebervorsorge","article_modified_time":"2021-10-01T07:17:20+00:00","twitter_card":"summary_large_image","twitter_misc":{"Gesch\u00e4tzte Lesezeit":"4\u00a0Minuten"},"schema":{"@context":"https:\/\/schema.org","@graph":[{"@type":"WebPage","@id":"https:\/\/vorsorge.bav.digital\/forumarbeitgebervorsorge\/kontakt\/","url":"https:\/\/vorsorge.bav.digital\/forumarbeitgebervorsorge\/kontakt\/","name":"Kontakt - FORUM Arbeitgebervorsorge","isPartOf":{"@id":"https:\/\/vorsorge.bav.digital\/forumarbeitgebervorsorge\/#website"},"datePublished":"2021-06-29T10:57:09+00:00","dateModified":"2021-10-01T07:17:20+00:00","breadcrumb":{"@id":"https:\/\/vorsorge.bav.digital\/forumarbeitgebervorsorge\/kontakt\/#breadcrumb"},"inLanguage":"de","potentialAction":[{"@type":"ReadAction","target":["https:\/\/vorsorge.bav.digital\/forumarbeitgebervorsorge\/kontakt\/"]}]},{"@type":"BreadcrumbList","@id":"https:\/\/vorsorge.bav.digital\/forumarbeitgebervorsorge\/kontakt\/#breadcrumb","itemListElement":[{"@type":"ListItem","position":1,"name":"Startseite","item":"https:\/\/vorsorge.bav.digital\/forumarbeitgebervorsorge\/"},{"@type":"ListItem","position":2,"name":"Kontakt"}]},{"@type":"WebSite","@id":"https:\/\/vorsorge.bav.digital\/forumarbeitgebervorsorge\/#website","url":"https:\/\/vorsorge.bav.digital\/forumarbeitgebervorsorge\/","name":"FORUM Arbeitgebervorsorge","description":"","potentialAction":[{"@type":"SearchAction","target":{"@type":"EntryPoint","urlTemplate":"https:\/\/vorsorge.bav.digital\/forumarbeitgebervorsorge\/?s={search_term_string}"},"query-input":{"@type":"PropertyValueSpecification","valueRequired":true,"valueName":"search_term_string"}}],"inLanguage":"de"}]}},"_links":{"self":[{"href":"https:\/\/vorsorge.bav.digital\/forumarbeitgebervorsorge\/wp-json\/wp\/v2\/pages\/1457","targetHints":{"allow":["GET"]}}],"collection":[{"href":"https:\/\/vorsorge.bav.digital\/forumarbeitgebervorsorge\/wp-json\/wp\/v2\/pages"}],"about":[{"href":"https:\/\/vorsorge.bav.digital\/forumarbeitgebervorsorge\/wp-json\/wp\/v2\/types\/page"}],"author":[{"embeddable":true,"href":"https:\/\/vorsorge.bav.digital\/forumarbeitgebervorsorge\/wp-json\/wp\/v2\/users\/18"}],"replies":[{"embeddable":true,"href":"https:\/\/vorsorge.bav.digital\/forumarbeitgebervorsorge\/wp-json\/wp\/v2\/comments?post=1457"}],"version-history":[{"count":17,"href":"https:\/\/vorsorge.bav.digital\/forumarbeitgebervorsorge\/wp-json\/wp\/v2\/pages\/1457\/revisions"}],"predecessor-version":[{"id":1762,"href":"https:\/\/vorsorge.bav.digital\/forumarbeitgebervorsorge\/wp-json\/wp\/v2\/pages\/1457\/revisions\/1762"}],"wp:attachment":[{"href":"https:\/\/vorsorge.bav.digital\/forumarbeitgebervorsorge\/wp-json\/wp\/v2\/media?parent=1457"}],"curies":[{"name":"wp","href":"https:\/\/api.w.org\/{rel}","templated":true}]}}