{"id":1514,"date":"2021-07-02T12:01:39","date_gmt":"2021-07-02T10:01:39","guid":{"rendered":"https:\/\/vorsorge.bav.digital\/forumarbeitgebervorsorge\/?page_id=1514"},"modified":"2021-09-24T15:42:38","modified_gmt":"2021-09-24T13:42:38","slug":"start-2","status":"publish","type":"page","link":"https:\/\/vorsorge.bav.digital\/forumarbeitgebervorsorge\/start-2\/","title":{"rendered":"Startseite Kooperationspartner"},"content":{"rendered":"<div id='full_slider_1'  class='avia-fullwidth-slider main_color avia-shadow   avia-builder-el-0  el_before_av_section  avia-builder-el-first   container_wrap sidebar_right'  ><div  class='avia-slideshow av-av_slideshow_full-7af8eeb708987fb6dfffa2b3328e579d avia-slideshow-no scaling av_slideshow_full avia-fade-slider av-slideshow-ui av-control-hidden av-no-slider-navigation av-hide-nav-arrows av-slideshow-manual av-loop-once av-loop-manual-endless av-default-height-applied   avia-slideshow-1' data-slideshow-options=\"{&quot;animation&quot;:&quot;fade&quot;,&quot;autoplay&quot;:false,&quot;loop_autoplay&quot;:&quot;once&quot;,&quot;interval&quot;:100,&quot;loop_manual&quot;:&quot;manual-endless&quot;,&quot;autoplay_stopper&quot;:false,&quot;noNavigation&quot;:true,&quot;bg_slider&quot;:false,&quot;keep_padding&quot;:false,&quot;hoverpause&quot;:false,&quot;show_slide_delay&quot;:0}\"  itemprop=\"image\" itemscope=\"itemscope\" itemtype=\"https:\/\/schema.org\/ImageObject\" ><ul class='avia-slideshow-inner ' style='padding-bottom: 31.5234375%;'><li  class='avia-slideshow-slide av-av_slideshow_full-7af8eeb708987fb6dfffa2b3328e579d__0  av-single-slide slide-1 slide-odd'><div data-rel='slideshow-1' class='avia-slide-wrap '   ><img decoding=\"async\" class=\"wp-image-1381 avia-img-lazy-loading-not-1381\"  src=\"https:\/\/vorsorge.bav.digital\/forumarbeitgebervorsorge\/wp-content\/uploads\/sites\/103\/2021\/06\/header-startseite-scaled.jpg\" width=\"2560\" height=\"807\" title='Header-Startseite' alt=''  itemprop=\"thumbnailUrl\" srcset=\"https:\/\/vorsorge.bav.digital\/forumarbeitgebervorsorge\/wp-content\/uploads\/sites\/103\/2021\/06\/header-startseite-scaled.jpg 2560w, https:\/\/vorsorge.bav.digital\/forumarbeitgebervorsorge\/wp-content\/uploads\/sites\/103\/2021\/06\/header-startseite-300x95.jpg 300w, https:\/\/vorsorge.bav.digital\/forumarbeitgebervorsorge\/wp-content\/uploads\/sites\/103\/2021\/06\/header-startseite-1030x325.jpg 1030w, https:\/\/vorsorge.bav.digital\/forumarbeitgebervorsorge\/wp-content\/uploads\/sites\/103\/2021\/06\/header-startseite-768x242.jpg 768w, https:\/\/vorsorge.bav.digital\/forumarbeitgebervorsorge\/wp-content\/uploads\/sites\/103\/2021\/06\/header-startseite-1536x484.jpg 1536w, https:\/\/vorsorge.bav.digital\/forumarbeitgebervorsorge\/wp-content\/uploads\/sites\/103\/2021\/06\/header-startseite-2048x646.jpg 2048w, https:\/\/vorsorge.bav.digital\/forumarbeitgebervorsorge\/wp-content\/uploads\/sites\/103\/2021\/06\/header-startseite-1500x473.jpg 1500w, https:\/\/vorsorge.bav.digital\/forumarbeitgebervorsorge\/wp-content\/uploads\/sites\/103\/2021\/06\/header-startseite-705x222.jpg 705w, https:\/\/vorsorge.bav.digital\/forumarbeitgebervorsorge\/wp-content\/uploads\/sites\/103\/2021\/06\/header-startseite-450x142.jpg 450w\" sizes=\"(max-width: 2560px) 100vw, 2560px\" \/><\/div><\/li><\/ul><\/div><\/div>\n<div id='av_section_1'  class='avia-section av-av_section-d18d8c2c81d10022ebd21ffa95322c35 main_color avia-section-default avia-no-shadow  avia-builder-el-1  el_after_av_slideshow_full  avia-builder-el-last  avia-bg-style-scroll container_wrap sidebar_right'  ><div class='container av-section-cont-open' ><div class='template-page content  av-content-small alpha units'><div class='post-entry post-entry-type-page post-entry-1514'><div class='entry-content-wrapper clearfix'>\n\n<style type=\"text\/css\" data-created_by=\"avia_inline_auto\" id=\"style-css-av-av_heading-d2012b163b6350ece4477925344f072f\">\n#top .av-special-heading.av-av_heading-d2012b163b6350ece4477925344f072f{\npadding-bottom:40px;\n}\nbody .av-special-heading.av-av_heading-d2012b163b6350ece4477925344f072f .av-special-heading-tag .heading-char{\nfont-size:25px;\n}\n.av-special-heading.av-av_heading-d2012b163b6350ece4477925344f072f .av-subheading{\nfont-size:15px;\n}\n<\/style>\n<div  class='av-special-heading av-av_heading-d2012b163b6350ece4477925344f072f av-special-heading-h1 blockquote modern-quote modern-centered  avia-builder-el-2  el_before_av_one_full  avia-builder-el-first '><h1 class='av-special-heading-tag'  itemprop=\"headline\"  >Herzlich willkommen<\/h1><div class='av-subheading av-subheading_below'><p>auf den Seiten der [Firma]-Vorsorge!<\/p>\n<\/div><div class=\"special-heading-border\"><div class=\"special-heading-inner-border\"><\/div><\/div><\/div>\n\n<style type=\"text\/css\" data-created_by=\"avia_inline_auto\" id=\"style-css-av-av_one_full-15d750bd1b332b34c6e70b077ebbccdf\">\n.flex_column.av-av_one_full-15d750bd1b332b34c6e70b077ebbccdf{\n-webkit-border-radius:0px 0px 0px 0px;\n-moz-border-radius:0px 0px 0px 0px;\nborder-radius:0px 0px 0px 0px;\npadding:0px 0px 0px 0px;\n}\n<\/style>\n<div class='flex_column av-av_one_full-15d750bd1b332b34c6e70b077ebbccdf av_one_full  avia-builder-el-3  el_after_av_heading  avia-builder-el-last  first flex_column_div av-zero-column-padding '     ><p>\n<style type=\"text\/css\" data-created_by=\"avia_inline_auto\" id=\"style-css-av-av_heading-008ceab4e5725852a4f47ea4fc34a3d7\">\n#top .av-special-heading.av-av_heading-008ceab4e5725852a4f47ea4fc34a3d7{\npadding-bottom:10px;\n}\nbody .av-special-heading.av-av_heading-008ceab4e5725852a4f47ea4fc34a3d7 .av-special-heading-tag .heading-char{\nfont-size:25px;\n}\n.av-special-heading.av-av_heading-008ceab4e5725852a4f47ea4fc34a3d7 .av-subheading{\nfont-size:15px;\n}\n<\/style>\n<div  class='av-special-heading av-av_heading-008ceab4e5725852a4f47ea4fc34a3d7 av-special-heading-h2 blockquote modern-quote  avia-builder-el-4  el_before_av_textblock  avia-builder-el-first '><h2 class='av-special-heading-tag'  itemprop=\"headline\"  >Sorgenfrei in die Zukunft blicken<\/h2><div class=\"special-heading-border\"><div class=\"special-heading-inner-border\"><\/div><\/div><\/div><br \/>\n<section  class='av_textblock_section av-av_textblock-2de302bf1aa3cf4c9157dbe6f50ac7eb'  itemscope=\"itemscope\" itemtype=\"https:\/\/schema.org\/CreativeWork\" ><div class='avia_textblock'  itemprop=\"text\" ><p>Uns bei [Firma] liegt es am Herzen, dass Ihr unbeschwert an Eure Zukunft denken k\u00f6nnt. Um Euch hier tatkr\u00e4ftig zu unterst\u00fctzen, haben wir unsere betriebliche Vorsorge komplett neu aufgesetzt. Unser Ziel ist es, das Thema so einfach und unkompliziert wie m\u00f6glich f\u00fcr Euch zu gestalten. [Partner] und die pension solutions group \u00fcbernehmen als unsere Partner die Beratung zur betrieblichen Vorsorge bzw. die Verwaltung der bestehenden Vertr\u00e4ge.<\/p>\n<p>Mit unseren Vorsorgeangeboten bieten wir Euch lukrative und attraktive M\u00f6glichkeiten, denn wir bezuschussen Eure Beitr\u00e4ge mit [Prozentsatz] % *. Die betriebliche Altersvorsorge bietet Euch die Chance, aktiv etwas f\u00fcr Eure Rente zu tun. Denn die gesetzliche Rente allein reicht in Zukunft nicht mehr aus. Zu erwarten sind circa 44 Prozent des aktuellen Durchschnittseinkommens (bei 45 Jahren Beitragszahlung auf Basis eines durchschnittlichen Einkommens). Bei der Auszahlung wird die Rente zudem noch versteuert und verliert durch die Inflation \u00fcber die Jahre an Kaufkraft. Das hei\u00dft: Jeder von uns braucht neben der gesetzlichen Rente eine zus\u00e4tzliche Altersversorgung.<\/p>\n<p>Die betriebliche Berufsunf\u00e4higkeitsvorsorge dient dazu, Euch im Falle eines Unfalls oder Krankheit abzusichern. Denn laut Statistik wird jeder Vierte im Laufe des Arbeitslebens f\u00fcr einen bestimmten Zeitraum berufsunf\u00e4hig und die daraus resultierenden finanziellen Folgen sind h\u00e4ufig gravierend.<\/p>\n<p>Werdet jetzt aktiv. Nutzt die Gelegenheit und lasst Euch von unserem Partner, der pension solutions group, beraten.<\/p>\n<\/div><\/section><br \/>\n\n<style type=\"text\/css\" data-created_by=\"avia_inline_auto\" id=\"style-css-av-av_hr-4474f20d2389e2e5ecf918a02da5132e\">\n#top .hr.hr-invisible.av-av_hr-4474f20d2389e2e5ecf918a02da5132e{\nheight:50px;\n}\n<\/style>\n<div  class='hr av-av_hr-4474f20d2389e2e5ecf918a02da5132e hr-invisible  avia-builder-el-6  el_after_av_textblock  el_before_av_portfolio  avia-builder-el-last '><span class='hr-inner '><span class=\"hr-inner-style\"><\/span><\/span><\/div><br \/>\n<br \/>\n\n<style type=\"text\/css\" data-created_by=\"avia_inline_auto\" id=\"style-css-av-av_hr-4474f20d2389e2e5ecf918a02da5132e\">\n#top .hr.hr-invisible.av-av_hr-4474f20d2389e2e5ecf918a02da5132e{\nheight:50px;\n}\n<\/style>\n<div  class='hr av-av_hr-4474f20d2389e2e5ecf918a02da5132e hr-invisible  avia-builder-el-8  el_after_av_portfolio  el_before_av_textblock  avia-builder-el-first '><span class='hr-inner '><span class=\"hr-inner-style\"><\/span><\/span><\/div><br \/>\n<section  class='av_textblock_section av-av_textblock-2de302bf1aa3cf4c9157dbe6f50ac7eb'  itemscope=\"itemscope\" itemtype=\"https:\/\/schema.org\/CreativeWork\" ><div class='avia_textblock'  itemprop=\"text\" ><p><span class=\"FLIESSTEXT\">* Es k\u00f6nnen H\u00f6chstgrenzen gelten. N\u00e4here Informationen erhaltet Ihr beim pers\u00f6nlichen Beratungsgespr\u00e4ch.<\/span><\/p>\n<\/div><\/section><\/p><\/div><\/div><\/div><\/div><!-- close content main div --><\/div><\/div><div id='after_section_1'  class='main_color av_default_container_wrap container_wrap sidebar_right'  ><div class='container av-section-cont-open' ><div class='template-page content  av-content-small alpha units'><div class='post-entry post-entry-type-page post-entry-1514'><div class='entry-content-wrapper clearfix'>\n","protected":false},"excerpt":{"rendered":"","protected":false},"author":18,"featured_media":0,"parent":0,"menu_order":10,"comment_status":"closed","ping_status":"closed","template":"","meta":{"footnotes":""},"class_list":["post-1514","page","type-page","status-publish","hentry"],"yoast_head":"<!-- This site is optimized with the Yoast SEO plugin v27.3 - https:\/\/yoast.com\/product\/yoast-seo-wordpress\/ -->\n<title>Startseite Kooperationspartner - FORUM Arbeitgebervorsorge<\/title>\n<meta name=\"robots\" content=\"noindex, follow, max-snippet:-1, max-image-preview:large, max-video-preview:-1\" \/>\n<meta property=\"og:locale\" content=\"de_DE\" \/>\n<meta property=\"og:type\" content=\"article\" \/>\n<meta property=\"og:title\" content=\"Startseite Kooperationspartner - FORUM Arbeitgebervorsorge\" \/>\n<meta property=\"og:url\" content=\"https:\/\/vorsorge.bav.digital\/forumarbeitgebervorsorge\/start-2\/\" \/>\n<meta property=\"og:site_name\" content=\"FORUM Arbeitgebervorsorge\" \/>\n<meta property=\"article:modified_time\" content=\"2021-09-24T13:42:38+00:00\" \/>\n<meta name=\"twitter:card\" content=\"summary_large_image\" \/>\n<meta name=\"twitter:label1\" content=\"Gesch\u00e4tzte Lesezeit\" \/>\n\t<meta name=\"twitter:data1\" content=\"4\u00a0Minuten\" \/>\n<script type=\"application\/ld+json\" class=\"yoast-schema-graph\">{\"@context\":\"https:\\\/\\\/schema.org\",\"@graph\":[{\"@type\":\"WebPage\",\"@id\":\"https:\\\/\\\/vorsorge.bav.digital\\\/forumarbeitgebervorsorge\\\/start-2\\\/\",\"url\":\"https:\\\/\\\/vorsorge.bav.digital\\\/forumarbeitgebervorsorge\\\/start-2\\\/\",\"name\":\"Startseite Kooperationspartner - FORUM Arbeitgebervorsorge\",\"isPartOf\":{\"@id\":\"https:\\\/\\\/vorsorge.bav.digital\\\/forumarbeitgebervorsorge\\\/#website\"},\"datePublished\":\"2021-07-02T10:01:39+00:00\",\"dateModified\":\"2021-09-24T13:42:38+00:00\",\"breadcrumb\":{\"@id\":\"https:\\\/\\\/vorsorge.bav.digital\\\/forumarbeitgebervorsorge\\\/start-2\\\/#breadcrumb\"},\"inLanguage\":\"de\",\"potentialAction\":[{\"@type\":\"ReadAction\",\"target\":[\"https:\\\/\\\/vorsorge.bav.digital\\\/forumarbeitgebervorsorge\\\/start-2\\\/\"]}]},{\"@type\":\"BreadcrumbList\",\"@id\":\"https:\\\/\\\/vorsorge.bav.digital\\\/forumarbeitgebervorsorge\\\/start-2\\\/#breadcrumb\",\"itemListElement\":[{\"@type\":\"ListItem\",\"position\":1,\"name\":\"Startseite\",\"item\":\"https:\\\/\\\/vorsorge.bav.digital\\\/forumarbeitgebervorsorge\\\/\"},{\"@type\":\"ListItem\",\"position\":2,\"name\":\"Startseite Kooperationspartner\"}]},{\"@type\":\"WebSite\",\"@id\":\"https:\\\/\\\/vorsorge.bav.digital\\\/forumarbeitgebervorsorge\\\/#website\",\"url\":\"https:\\\/\\\/vorsorge.bav.digital\\\/forumarbeitgebervorsorge\\\/\",\"name\":\"FORUM Arbeitgebervorsorge\",\"description\":\"\",\"potentialAction\":[{\"@type\":\"SearchAction\",\"target\":{\"@type\":\"EntryPoint\",\"urlTemplate\":\"https:\\\/\\\/vorsorge.bav.digital\\\/forumarbeitgebervorsorge\\\/?s={search_term_string}\"},\"query-input\":{\"@type\":\"PropertyValueSpecification\",\"valueRequired\":true,\"valueName\":\"search_term_string\"}}],\"inLanguage\":\"de\"}]}<\/script>\n<!-- \/ Yoast SEO plugin. -->","yoast_head_json":{"title":"Startseite Kooperationspartner - FORUM Arbeitgebervorsorge","robots":{"index":"noindex","follow":"follow","max-snippet":"max-snippet:-1","max-image-preview":"max-image-preview:large","max-video-preview":"max-video-preview:-1"},"og_locale":"de_DE","og_type":"article","og_title":"Startseite Kooperationspartner - FORUM Arbeitgebervorsorge","og_url":"https:\/\/vorsorge.bav.digital\/forumarbeitgebervorsorge\/start-2\/","og_site_name":"FORUM Arbeitgebervorsorge","article_modified_time":"2021-09-24T13:42:38+00:00","twitter_card":"summary_large_image","twitter_misc":{"Gesch\u00e4tzte Lesezeit":"4\u00a0Minuten"},"schema":{"@context":"https:\/\/schema.org","@graph":[{"@type":"WebPage","@id":"https:\/\/vorsorge.bav.digital\/forumarbeitgebervorsorge\/start-2\/","url":"https:\/\/vorsorge.bav.digital\/forumarbeitgebervorsorge\/start-2\/","name":"Startseite Kooperationspartner - FORUM Arbeitgebervorsorge","isPartOf":{"@id":"https:\/\/vorsorge.bav.digital\/forumarbeitgebervorsorge\/#website"},"datePublished":"2021-07-02T10:01:39+00:00","dateModified":"2021-09-24T13:42:38+00:00","breadcrumb":{"@id":"https:\/\/vorsorge.bav.digital\/forumarbeitgebervorsorge\/start-2\/#breadcrumb"},"inLanguage":"de","potentialAction":[{"@type":"ReadAction","target":["https:\/\/vorsorge.bav.digital\/forumarbeitgebervorsorge\/start-2\/"]}]},{"@type":"BreadcrumbList","@id":"https:\/\/vorsorge.bav.digital\/forumarbeitgebervorsorge\/start-2\/#breadcrumb","itemListElement":[{"@type":"ListItem","position":1,"name":"Startseite","item":"https:\/\/vorsorge.bav.digital\/forumarbeitgebervorsorge\/"},{"@type":"ListItem","position":2,"name":"Startseite Kooperationspartner"}]},{"@type":"WebSite","@id":"https:\/\/vorsorge.bav.digital\/forumarbeitgebervorsorge\/#website","url":"https:\/\/vorsorge.bav.digital\/forumarbeitgebervorsorge\/","name":"FORUM Arbeitgebervorsorge","description":"","potentialAction":[{"@type":"SearchAction","target":{"@type":"EntryPoint","urlTemplate":"https:\/\/vorsorge.bav.digital\/forumarbeitgebervorsorge\/?s={search_term_string}"},"query-input":{"@type":"PropertyValueSpecification","valueRequired":true,"valueName":"search_term_string"}}],"inLanguage":"de"}]}},"_links":{"self":[{"href":"https:\/\/vorsorge.bav.digital\/forumarbeitgebervorsorge\/wp-json\/wp\/v2\/pages\/1514","targetHints":{"allow":["GET"]}}],"collection":[{"href":"https:\/\/vorsorge.bav.digital\/forumarbeitgebervorsorge\/wp-json\/wp\/v2\/pages"}],"about":[{"href":"https:\/\/vorsorge.bav.digital\/forumarbeitgebervorsorge\/wp-json\/wp\/v2\/types\/page"}],"author":[{"embeddable":true,"href":"https:\/\/vorsorge.bav.digital\/forumarbeitgebervorsorge\/wp-json\/wp\/v2\/users\/18"}],"replies":[{"embeddable":true,"href":"https:\/\/vorsorge.bav.digital\/forumarbeitgebervorsorge\/wp-json\/wp\/v2\/comments?post=1514"}],"version-history":[{"count":3,"href":"https:\/\/vorsorge.bav.digital\/forumarbeitgebervorsorge\/wp-json\/wp\/v2\/pages\/1514\/revisions"}],"predecessor-version":[{"id":1757,"href":"https:\/\/vorsorge.bav.digital\/forumarbeitgebervorsorge\/wp-json\/wp\/v2\/pages\/1514\/revisions\/1757"}],"wp:attachment":[{"href":"https:\/\/vorsorge.bav.digital\/forumarbeitgebervorsorge\/wp-json\/wp\/v2\/media?parent=1514"}],"curies":[{"name":"wp","href":"https:\/\/api.w.org\/{rel}","templated":true}]}}